{"id":91,"date":"2026-03-23T02:12:16","date_gmt":"2026-03-23T02:12:16","guid":{"rendered":"https:\/\/pathfinderindonesia.com\/?page_id=91"},"modified":"2026-03-23T02:13:17","modified_gmt":"2026-03-23T02:13:17","slug":"91-2","status":"publish","type":"page","link":"https:\/\/pathfinderindonesia.com\/index.php\/91-2\/","title":{"rendered":"LAGU MASTER GUIDE"},"content":{"rendered":"\n<figure class=\"wp-block-embed is-type-video is-provider-youtube wp-block-embed-youtube wp-embed-aspect-16-9 wp-has-aspect-ratio\"><div class=\"wp-block-embed__wrapper\">\n<iframe loading=\"lazy\" title=\"Lagu Mars Master Guide - Press On Forward Master Guide\" width=\"720\" height=\"405\" src=\"https:\/\/www.youtube.com\/embed\/RJb0CJ5uFb0?feature=oembed\" frameborder=\"0\" allow=\"accelerometer; autoplay; clipboard-write; encrypted-media; gyroscope; picture-in-picture; web-share\" referrerpolicy=\"strict-origin-when-cross-origin\" allowfullscreen><\/iframe>\n<\/div><\/figure>\n\n\n\n<p><strong>Bahasa Inggris :<\/strong><br>Press on forward Master Guides with holy boldness; we\u2019re invested with great strength.<br>To help all the youth who choose to be with Jesus, and they long to follow Him.<br>To the lost souls we are giving the great message that constrains within our hearts.<br>There\u2019s a crown awaiting each of us in heaven, with bright stars which Jesus has for us.<\/p>\n\n\n\n<p>Press on forward Master Guides with holy boldness; we\u2019re invested with great strength.<br>With a glorious torch that\u2019s lifted up towards heaven, will bring light into this world.<br>Though we\u2019re threatened by a world that\u2019s filled with darkness, we\u2019ll go forward without fear.<br>In the light that keeps on shining from our Savior, to help guide us as we walk the AY path.<br><br><strong>Bahasa Indonesia :<\/strong><br>Majulah para Master GUide yang sejati dengan gagah berani<br>menuntun orang muda kepada Yesus dan mengikuti Dia<br>Selamatkan jiwa-jiwa yang terhilang itu tujuan kita<br>Mahkota kemenangan tlah disiapkan oleh Yesus Kristus sang Raja<br><br>Majulah para Master Guide yang sejati dengan gagah berani<br>Pakai obor kebenaran dari surga menerangi dunia<br>Meskipun terancam dalam dunia yang glap maju jangan bertangguh<br>Tetaplah pantulkan terang juruslamat tuntun orang muda kepada Yesus<\/p>\n\n\n\n<p><strong>Bahasa Spanyol:<\/strong><br>Avancemos sin temor Gu\u00edas Mayores, investidos con valor;<br>Ayudando a los j\u00f3venes que quieren de Jes\u00fas en pos seguir;<br>Anunciando el mensaje a los perdidos, constre\u00f1ido el coraz\u00f3n.<br>Que en el cielo nos espera una corona, con estrellas que Dios nos dar\u00e1.<\/p>\n\n\n\n<p>Avancemos sin temor Gu\u00edas Mayores, investidos con valor;<br>Ayudando a los j\u00f3venes que quieren de Jes\u00fas en pos seguir;<br>Anunciando el mensaje a los perdidos, constre\u00f1ido el coraz\u00f3n.<br>Que en el cielo nos espera una corona, con estrellas que Dios nos dar\u00e1.<\/p>\n","protected":false},"excerpt":{"rendered":"<p>Bahasa Inggris :Press on forward Master Guides with holy boldness; we\u2019re invested with great strength.To help all the youth who choose to be with Jesus, and they long to follow Him.To the lost souls we are giving the great message that constrains within our hearts.There\u2019s a crown awaiting each of us in heaven, with bright&#8230;<\/p>\n","protected":false},"author":1,"featured_media":0,"parent":0,"menu_order":0,"comment_status":"closed","ping_status":"closed","template":"","meta":{"_kad_post_transparent":"","_kad_post_title":"","_kad_post_layout":"","_kad_post_sidebar_id":"","_kad_post_content_style":"","_kad_post_vertical_padding":"","_kad_post_feature":"","_kad_post_feature_position":"","_kad_post_header":false,"_kad_post_footer":false,"_kad_post_classname":"","footnotes":""},"class_list":["post-91","page","type-page","status-publish","hentry"],"yoast_head":"<!-- This site is optimized with the Yoast SEO plugin v27.2 - https:\/\/yoast.com\/product\/yoast-seo-wordpress\/ -->\n<title>LAGU MASTER GUIDE -<\/title>\n<meta name=\"robots\" content=\"index, follow, max-snippet:-1, max-image-preview:large, max-video-preview:-1\" \/>\n<link rel=\"canonical\" href=\"https:\/\/pathfinderindonesia.com\/index.php\/91-2\/\" \/>\n<meta property=\"og:locale\" content=\"en_US\" \/>\n<meta property=\"og:type\" content=\"article\" \/>\n<meta property=\"og:title\" content=\"LAGU MASTER GUIDE -\" \/>\n<meta property=\"og:description\" content=\"Bahasa Inggris :Press on forward Master Guides with holy boldness; we\u2019re invested with great strength.To help all the youth who choose to be with Jesus, and they long to follow Him.To the lost souls we are giving the great message that constrains within our hearts.There\u2019s a crown awaiting each of us in heaven, with bright...\" \/>\n<meta property=\"og:url\" content=\"https:\/\/pathfinderindonesia.com\/index.php\/91-2\/\" \/>\n<meta property=\"article:modified_time\" content=\"2026-03-23T02:13:17+00:00\" \/>\n<meta name=\"twitter:card\" content=\"summary_large_image\" \/>\n<meta name=\"twitter:label1\" content=\"Est. reading time\" \/>\n\t<meta name=\"twitter:data1\" content=\"2 minutes\" \/>\n<script type=\"application\/ld+json\" class=\"yoast-schema-graph\">{\"@context\":\"https:\/\/schema.org\",\"@graph\":[{\"@type\":\"WebPage\",\"@id\":\"https:\/\/pathfinderindonesia.com\/index.php\/91-2\/\",\"url\":\"https:\/\/pathfinderindonesia.com\/index.php\/91-2\/\",\"name\":\"LAGU MASTER GUIDE -\",\"isPartOf\":{\"@id\":\"https:\/\/pathfinderindonesia.com\/#website\"},\"datePublished\":\"2026-03-23T02:12:16+00:00\",\"dateModified\":\"2026-03-23T02:13:17+00:00\",\"breadcrumb\":{\"@id\":\"https:\/\/pathfinderindonesia.com\/index.php\/91-2\/#breadcrumb\"},\"inLanguage\":\"en-US\",\"potentialAction\":[{\"@type\":\"ReadAction\",\"target\":[\"https:\/\/pathfinderindonesia.com\/index.php\/91-2\/\"]}]},{\"@type\":\"BreadcrumbList\",\"@id\":\"https:\/\/pathfinderindonesia.com\/index.php\/91-2\/#breadcrumb\",\"itemListElement\":[{\"@type\":\"ListItem\",\"position\":1,\"name\":\"Home\",\"item\":\"https:\/\/pathfinderindonesia.com\/\"},{\"@type\":\"ListItem\",\"position\":2,\"name\":\"LAGU MASTER GUIDE\"}]},{\"@type\":\"WebSite\",\"@id\":\"https:\/\/pathfinderindonesia.com\/#website\",\"url\":\"https:\/\/pathfinderindonesia.com\/\",\"name\":\"\",\"description\":\"\",\"potentialAction\":[{\"@type\":\"SearchAction\",\"target\":{\"@type\":\"EntryPoint\",\"urlTemplate\":\"https:\/\/pathfinderindonesia.com\/?s={search_term_string}\"},\"query-input\":{\"@type\":\"PropertyValueSpecification\",\"valueRequired\":true,\"valueName\":\"search_term_string\"}}],\"inLanguage\":\"en-US\"}]}<\/script>\n<!-- \/ Yoast SEO plugin. -->","yoast_head_json":{"title":"LAGU MASTER GUIDE -","robots":{"index":"index","follow":"follow","max-snippet":"max-snippet:-1","max-image-preview":"max-image-preview:large","max-video-preview":"max-video-preview:-1"},"canonical":"https:\/\/pathfinderindonesia.com\/index.php\/91-2\/","og_locale":"en_US","og_type":"article","og_title":"LAGU MASTER GUIDE -","og_description":"Bahasa Inggris :Press on forward Master Guides with holy boldness; we\u2019re invested with great strength.To help all the youth who choose to be with Jesus, and they long to follow Him.To the lost souls we are giving the great message that constrains within our hearts.There\u2019s a crown awaiting each of us in heaven, with bright...","og_url":"https:\/\/pathfinderindonesia.com\/index.php\/91-2\/","article_modified_time":"2026-03-23T02:13:17+00:00","twitter_card":"summary_large_image","twitter_misc":{"Est. reading time":"2 minutes"},"schema":{"@context":"https:\/\/schema.org","@graph":[{"@type":"WebPage","@id":"https:\/\/pathfinderindonesia.com\/index.php\/91-2\/","url":"https:\/\/pathfinderindonesia.com\/index.php\/91-2\/","name":"LAGU MASTER GUIDE -","isPartOf":{"@id":"https:\/\/pathfinderindonesia.com\/#website"},"datePublished":"2026-03-23T02:12:16+00:00","dateModified":"2026-03-23T02:13:17+00:00","breadcrumb":{"@id":"https:\/\/pathfinderindonesia.com\/index.php\/91-2\/#breadcrumb"},"inLanguage":"en-US","potentialAction":[{"@type":"ReadAction","target":["https:\/\/pathfinderindonesia.com\/index.php\/91-2\/"]}]},{"@type":"BreadcrumbList","@id":"https:\/\/pathfinderindonesia.com\/index.php\/91-2\/#breadcrumb","itemListElement":[{"@type":"ListItem","position":1,"name":"Home","item":"https:\/\/pathfinderindonesia.com\/"},{"@type":"ListItem","position":2,"name":"LAGU MASTER GUIDE"}]},{"@type":"WebSite","@id":"https:\/\/pathfinderindonesia.com\/#website","url":"https:\/\/pathfinderindonesia.com\/","name":"","description":"","potentialAction":[{"@type":"SearchAction","target":{"@type":"EntryPoint","urlTemplate":"https:\/\/pathfinderindonesia.com\/?s={search_term_string}"},"query-input":{"@type":"PropertyValueSpecification","valueRequired":true,"valueName":"search_term_string"}}],"inLanguage":"en-US"}]}},"_links":{"self":[{"href":"https:\/\/pathfinderindonesia.com\/index.php\/wp-json\/wp\/v2\/pages\/91","targetHints":{"allow":["GET"]}}],"collection":[{"href":"https:\/\/pathfinderindonesia.com\/index.php\/wp-json\/wp\/v2\/pages"}],"about":[{"href":"https:\/\/pathfinderindonesia.com\/index.php\/wp-json\/wp\/v2\/types\/page"}],"author":[{"embeddable":true,"href":"https:\/\/pathfinderindonesia.com\/index.php\/wp-json\/wp\/v2\/users\/1"}],"replies":[{"embeddable":true,"href":"https:\/\/pathfinderindonesia.com\/index.php\/wp-json\/wp\/v2\/comments?post=91"}],"version-history":[{"count":2,"href":"https:\/\/pathfinderindonesia.com\/index.php\/wp-json\/wp\/v2\/pages\/91\/revisions"}],"predecessor-version":[{"id":95,"href":"https:\/\/pathfinderindonesia.com\/index.php\/wp-json\/wp\/v2\/pages\/91\/revisions\/95"}],"wp:attachment":[{"href":"https:\/\/pathfinderindonesia.com\/index.php\/wp-json\/wp\/v2\/media?parent=91"}],"curies":[{"name":"wp","href":"https:\/\/api.w.org\/{rel}","templated":true}]}}